{"id":52,"date":"2024-04-28T04:50:35","date_gmt":"2024-04-28T04:50:35","guid":{"rendered":"https:\/\/wordpress.themeholy.com\/restar\/?page_id=52"},"modified":"2024-10-12T14:29:34","modified_gmt":"2024-10-12T14:29:34","slug":"about","status":"publish","type":"page","link":"https:\/\/leon.royaltandoori.eu\/es\/about\/","title":{"rendered":"Sobre Nosotros"},"content":{"rendered":"<div data-elementor-type=\"wp-page\" data-elementor-id=\"52\" class=\"elementor elementor-52\">\n\t\t\t\t<div class=\"elementor-element elementor-element-18234db e-flex e-con-boxed e-con e-parent\" data-id=\"18234db\" data-element_type=\"container\">\n\t\t\t\t\t<div class=\"e-con-inner\">\n\t\t<div class=\"elementor-element elementor-element-be3da91 e-con-full e-flex e-con e-child\" data-id=\"be3da91\" data-element_type=\"container\">\n\t\t\r\n\t\t<div class=\"elementor-element elementor-element-40be8bc elementor-widget elementor-widget-restarsectiontitle\" data-id=\"40be8bc\" data-element_type=\"widget\" data-widget_type=\"restarsectiontitle.default\">\n\t\t\t\t<div class=\"elementor-widget-container\">\n\t\t\t\t\t\t\t<div class=\"title-area text-center\">\r\n\t\t\t<span class=\"sub-title3\"><img decoding=\"async\" src=\"https:\/\/wordpress.themeholy.com\/restar\/wp-content\/uploads\/2024\/05\/title_icon2.svg\" alt=\"title_icon2\" >NUESTROS SERVICIOS DE RESTAURANTE<\/span><h2 class=\"sec-title\">Nuestro Compromiso con la Excelencia<\/h2>\t\t<\/div>\r\n\r\n\t\t\t\t\t<\/div>\n\t\t\t\t<\/div>\n\t\t\t\t<div class=\"elementor-element elementor-element-220a078 elementor-widget elementor-widget-restarservice\" data-id=\"220a078\" data-element_type=\"widget\" data-widget_type=\"restarservice.default\">\n\t\t\t\t<div class=\"elementor-widget-container\">\n\t\t\t\t\t<div class=\"row gy-4\"><div class=\"col-xl-3 col-md-6\"><div class=\"feature-box\"><div class=\"box-shape\"><img decoding=\"async\" src=\"https:\/\/wordpress.themeholy.com\/restar\/wp-content\/uploads\/2024\/05\/flower_7.png\" alt=\"flower_7\" ><\/div><div class=\"box-icon\"><img decoding=\"async\" src=\"https:\/\/wordpress.themeholy.com\/restar\/wp-content\/uploads\/2024\/05\/feature_box_1.svg\" alt=\"feature_box_1\" ><\/div><div class=\"media-body\"><h3 class=\"box-title text-ani\"><a href=\"\">De Especias Y De Ahorro<\/a><\/h3><div class=\"text-ani\"><p class=\"box-text\">Disfrute de un descuento especial como disfrutar de la aut\u00e9ntica especias de nuestra comida tradicional de la India.<\/p><\/div><\/div><\/div><\/div><div class=\"col-xl-3 col-md-6\"><div class=\"feature-box\"><div class=\"box-shape\"><img decoding=\"async\" src=\"https:\/\/wordpress.themeholy.com\/restar\/wp-content\/uploads\/2024\/05\/flower_7.png\" alt=\"flower_7\" ><\/div><div class=\"box-icon\"><img decoding=\"async\" src=\"https:\/\/wordpress.themeholy.com\/restar\/wp-content\/uploads\/2024\/05\/feature_box_2.svg\" alt=\"feature_box_2\" ><\/div><div class=\"media-body\"><h3 class=\"box-title text-ani\"><a href=\"\">Recetas Tradicionales<\/a><\/h3><div class=\"text-ani\"><p class=\"box-text\">Deleite en el cl\u00e1sico de las recetas de la India, preparados por expertos para traer intensos, vibrantes sabores.<\/p><\/div><\/div><\/div><\/div><div class=\"col-xl-3 col-md-6\"><div class=\"feature-box\"><div class=\"box-shape\"><img decoding=\"async\" src=\"https:\/\/wordpress.themeholy.com\/restar\/wp-content\/uploads\/2024\/05\/flower_7.png\" alt=\"flower_7\" ><\/div><div class=\"box-icon\"><img decoding=\"async\" src=\"https:\/\/leon.royaltandoori.eu\/wp-content\/uploads\/2024\/05\/feature_box_12.svg\" alt=\"feature_box_12\" ><\/div><div class=\"media-body\"><h3 class=\"box-title text-ani\"><a href=\"\">Ingredientes Frescos<\/a><\/h3><div class=\"text-ani\"><p class=\"box-text\">Que la fuente de los ingredientes m\u00e1s frescos para crear sabrosas, de alta calidad, platos con cada comida.<\/p><\/div><\/div><\/div><\/div><div class=\"col-xl-3 col-md-6\"><div class=\"feature-box\"><div class=\"box-shape\"><img decoding=\"async\" src=\"https:\/\/wordpress.themeholy.com\/restar\/wp-content\/uploads\/2024\/05\/flower_7.png\" alt=\"flower_7\" ><\/div><div class=\"box-icon\"><img decoding=\"async\" src=\"https:\/\/wordpress.themeholy.com\/restar\/wp-content\/uploads\/2024\/05\/feature_box_4.svg\" alt=\"feature_box_4\" ><\/div><div class=\"media-body\"><h3 class=\"box-title text-ani\"><a href=\"\">Servicio De Mesa<\/a><\/h3><div class=\"text-ani\"><p class=\"box-text\">Relajarse ya que nuestro personal te sirve reci\u00e9n hecha platos de la India, el derecho a su mesa con cuidado.\n\n<\/p><\/div><\/div><\/div><\/div><\/div>\t\t\t\t<\/div>\n\t\t\t\t<\/div>\n\t\t\t\t<\/div>\n\t\t\t\t\t<\/div>\n\t\t\t\t<\/div>\n\t\t<div class=\"elementor-element elementor-element-6103973 e-con-full e-flex e-con e-parent\" data-id=\"6103973\" data-element_type=\"container\">\n\t\t\t\t<div class=\"elementor-element elementor-element-7e67942 elementor-widget elementor-widget-restarshapeimage\" data-id=\"7e67942\" data-element_type=\"widget\" data-widget_type=\"restarshapeimage.default\">\n\t\t\t\t<div class=\"elementor-widget-container\">\n\t\t\t\t\t<!-- Image --><div class=\"shape-mockup  jump\" data-top=\"10%\" data-right=\"0.01%\"><img decoding=\"async\" src=\"https:\/\/wordpress.themeholy.com\/restar\/wp-content\/uploads\/2024\/05\/flower_2.png\" data-speed=\"1.1\" alt=\"Shape Image\" ><\/div><!-- End Image -->\t\t\t\t<\/div>\n\t\t\t\t<\/div>\n\t\t\t\t<div class=\"elementor-element elementor-element-246f327 elementor-widget elementor-widget-restarshapeimage\" data-id=\"246f327\" data-element_type=\"widget\" data-widget_type=\"restarshapeimage.default\">\n\t\t\t\t<div class=\"elementor-widget-container\">\n\t\t\t\t\t<!-- Image --><div class=\"shape-mockup  jump\" data-bottom=\"10%\" data-right=\"8%\"><img decoding=\"async\" src=\"https:\/\/wordpress.themeholy.com\/restar\/wp-content\/uploads\/2024\/05\/garlic_1.png\" data-speed=\"1.12\" alt=\"Shape Image\" ><\/div><!-- End Image -->\t\t\t\t<\/div>\n\t\t\t\t<\/div>\n\t\t<div class=\"elementor-element elementor-element-96aa7d9 e-flex e-con-boxed e-con e-child\" data-id=\"96aa7d9\" data-element_type=\"container\">\n\t\t\t\t\t<div class=\"e-con-inner\">\n\t\t<div class=\"elementor-element elementor-element-050c6f4 e-con-full e-flex e-con e-child\" data-id=\"050c6f4\" data-element_type=\"container\">\n\t\t<div class=\"elementor-element elementor-element-685a62b e-con-full e-flex e-con e-child\" data-id=\"685a62b\" data-element_type=\"container\">\n\t\t\t\t<div class=\"elementor-element elementor-element-010672d elementor-widget elementor-widget-restarimage\" data-id=\"010672d\" data-element_type=\"widget\" data-widget_type=\"restarimage.default\">\n\t\t\t\t<div class=\"elementor-widget-container\">\n\t\t\t\t\t<div class=\"img-box8\"><div class=\"shape1\"><img decoding=\"async\" src=\"https:\/\/wordpress.themeholy.com\/restar\/wp-content\/uploads\/2024\/05\/flower_8.png\" alt=\"flower_8\"  class=\"gspin\"><\/div><div class=\"img1\"><img decoding=\"async\" src=\"https:\/\/leon.royaltandoori.eu\/wp-content\/uploads\/2024\/10\/2023-07-13.jpg\" alt=\"2023 07 13\" ><\/div><\/div>\t\t\t\t<\/div>\n\t\t\t\t<\/div>\n\t\t\t\t<\/div>\n\t\t<div class=\"elementor-element elementor-element-5cbd3c6 e-con-full ps-xxl-5 e-flex e-con e-child\" data-id=\"5cbd3c6\" data-element_type=\"container\">\n\t\t\t\t<div class=\"elementor-element elementor-element-1b288f8 elementor-widget elementor-widget-restarsectiontitle\" data-id=\"1b288f8\" data-element_type=\"widget\" data-widget_type=\"restarsectiontitle.default\">\n\t\t\t\t<div class=\"elementor-widget-container\">\n\t\t\t\t\t\t\t<div class=\"title-area text-center mb-35\">\r\n\t\t\t<span class=\"sub-title3\"><img decoding=\"async\" src=\"https:\/\/wordpress.themeholy.com\/restar\/wp-content\/uploads\/2024\/05\/title_icon2.svg\" alt=\"title_icon2\" >ACERCA DE NUESTRO RESTAURANTE<\/span><h2 class=\"sec-title\">Un Gusto de Indias Mejores<\/h2><div class=\"text-ani\"><p class=\"sec-text\">Royal Tandoori Indian Restaurant comenz\u00f3 su andadura en 2010 en Zaragoza, inspirado por la riqueza y diversidad de las tradiciones culinarias de la India. A trav\u00e9s de los a\u00f1os, hemos crecido a 15 restaurantes en toda Espa\u00f1a y Portugal, llevando los aut\u00e9nticos sabores de la cocina India a nuevas audiencias. Nuestra \u00faltima restaurante, inaugurado en Ponferrada, es un testimonio de nuestro compromiso con la excelencia y la pasi\u00f3n por compartir la India del patrimonio gastron\u00f3mico con el mundo.\n\nEn Royal Tandoori, celebramos la India de la diversidad cultural a trav\u00e9s de nuestro men\u00fa, que ofrece una fusi\u00f3n de platos tradicionales y modernos que reflejan las especialidades regionales del pa\u00eds. Desde la vibrante, especias infusi\u00f3n de curry de norte a delicado, fragante platos de arroz del sur, cada comida es elaborado con los honores recetas que se transmiten a trav\u00e9s de generaciones. Nos enorgullecemos en el uso de los ingredientes m\u00e1s frescos y aut\u00e9nticos especias para asegurar que cada plato es una verdadera representaci\u00f3n de la India rica variedad culinaria.\n\nNuestro compromiso con la calidad y el trabajo duro ha sido la fuerza impulsora detr\u00e1s de nuestro \u00e9xito y crecimiento. A medida que nos expandimos, nos mantenemos enfocados en la entrega de un servicio excepcional y proporcionando a nuestros clientes con la mejor experiencia gastron\u00f3mica sea posible. Estamos orgullosos de crear un ambiente donde los hu\u00e9spedes pueden disfrutar no s\u00f3lo de una comida, pero una inmersiva experiencia cultural.\n\nLa satisfacci\u00f3n del cliente es el n\u00facleo de nuestra filosof\u00eda. Estamos constantemente innovando para mejorar la experiencia gastron\u00f3mica, ofreciendo un servicio personalizado y \u00fanico de platos para satisfacer a nuestros clientes, gustos y preferencias. Ya sea una reuni\u00f3n familiar, una comida de negocios o una celebraci\u00f3n, Real Tandoori se compromete a entregar los sabores de la India, que persiste mucho tiempo despu\u00e9s de la comida. Nuestro enfoque en la tradici\u00f3n, la calidad y el servicio se asegura de que seguimos creciendo y llevar lo mejor de la cocina India a nuevos destinos.<\/p><\/div>\t\t<\/div>\r\n\r\n\t\t\t\t\t<\/div>\n\t\t\t\t<\/div>\n\t\t\t\t<div class=\"elementor-element elementor-element-63cfc8d elementor-widget elementor-widget-image\" data-id=\"63cfc8d\" data-element_type=\"widget\" data-widget_type=\"image.default\">\n\t\t\t\t<div class=\"elementor-widget-container\">\n\t\t\t\t\t\t\t\t\t\t\t\t\t\t\t<img decoding=\"async\" width=\"278\" height=\"8\" src=\"https:\/\/leon.royaltandoori.eu\/wp-content\/uploads\/2024\/05\/line_dotted_1.svg\" class=\"attachment-full size-full wp-image-420\" alt=\"\" \/>\t\t\t\t\t\t\t\t\t\t\t\t\t\t\t<\/div>\n\t\t\t\t<\/div>\n\t\t\t\t<div class=\"elementor-element elementor-element-ffd63bc elementor-widget elementor-widget-text-editor\" data-id=\"ffd63bc\" data-element_type=\"widget\" data-widget_type=\"text-editor.default\">\n\t\t\t\t<div class=\"elementor-widget-container\">\n\t\t\t\t\t\t\t\t\t<h4 class=\"box-title text-ani\">Royal Group<\/h4>\t\t\t\t\t\t\t\t<\/div>\n\t\t\t\t<\/div>\n\t\t\t\t<\/div>\n\t\t\t\t<\/div>\n\t\t\t\t\t<\/div>\n\t\t\t\t<\/div>\n\t\t\t\t<\/div>\n\t\t<div class=\"elementor-element elementor-element-bd5d9b5 e-flex e-con-boxed e-con e-parent\" data-id=\"bd5d9b5\" data-element_type=\"container\" data-settings=\"{&quot;background_background&quot;:&quot;classic&quot;}\">\n\t\t\t\t\t<div class=\"e-con-inner\">\n\t\t<div class=\"elementor-element elementor-element-880c243 e-con-full e-flex e-con e-child\" data-id=\"880c243\" data-element_type=\"container\">\n\t\t\t\t<div class=\"elementor-element elementor-element-9e9d5d5 elementor-widget elementor-widget-restarcounterup\" data-id=\"9e9d5d5\" data-element_type=\"widget\" data-widget_type=\"restarcounterup.default\">\n\t\t\t\t<div class=\"elementor-widget-container\">\n\t\t\t\t\t<div class=\"counter-card-wrap\"><div class=\"counter-card\"><div class=\"box-shadow\">500<\/div><h2 class=\"box-number num\"><span class=\"counter-number\">500<\/span><\/h2><p class=\"box-text desc\">Nuestro Dally El Fin De<\/p><\/div><div class=\"counter-card\"><div class=\"box-shadow\">15<\/div><h2 class=\"box-number num\"><span class=\"counter-number\">15<\/span><\/h2><p class=\"box-text desc\">Chef Especialista<\/p><\/div><div class=\"counter-card\"><div class=\"box-shadow\">98<\/div><h2 class=\"box-number num\"><span class=\"counter-number\">98<\/span><\/h2><p class=\"box-text desc\">Nuestro Men\u00fa Y Plato<\/p><\/div><div class=\"counter-card\"><div class=\"box-shadow\">99<\/div><h2 class=\"box-number num\"><span class=\"counter-number\">99<\/span><\/h2><p class=\"box-text desc\">Nuestros Miembros<\/p><\/div><\/div>\t\t\t\t<\/div>\n\t\t\t\t<\/div>\n\t\t\t\t<\/div>\n\t\t\t\t\t<\/div>\n\t\t\t\t<\/div>\n\t\t<div class=\"elementor-element elementor-element-398697c e-flex e-con-boxed e-con e-parent\" data-id=\"398697c\" data-element_type=\"container\">\n\t\t\t\t\t<div class=\"e-con-inner\">\n\t\t<div class=\"elementor-element elementor-element-49db3e4 e-con-full e-flex e-con e-child\" data-id=\"49db3e4\" data-element_type=\"container\">\n\t\t\t\t<div class=\"elementor-element elementor-element-a910555 elementor-widget elementor-widget-restarvideo\" data-id=\"a910555\" data-element_type=\"widget\" data-widget_type=\"restarvideo.default\">\n\t\t\t\t<div class=\"elementor-widget-container\">\n\t\t\t\t\t<div class=\"th-video video-box1 flipY\" data-pos-for=\"#story-sec\" data-sec-pos=\"bottom-half\"><img decoding=\"async\" src=\"https:\/\/leon.royaltandoori.eu\/wp-content\/uploads\/2024\/10\/video_1.jpg\" alt=\"video_1\" ><a href=\"https:\/\/www.youtube.com\/watch?v=IIH5X3szopo\" class=\"play-btn style2 popup-video\"><i class=\"fa-sharp fa-solid fa-play\"><\/i><\/a><\/div>\t\t\t\t<\/div>\n\t\t\t\t<\/div>\n\t\t\t\t<\/div>\n\t\t\t\t\t<\/div>\n\t\t\t\t<\/div>\n\t\t<div class=\"elementor-element elementor-element-3a6af5c e-flex e-con-boxed e-con e-parent\" data-id=\"3a6af5c\" data-element_type=\"container\" id=\"story-sec\" data-settings=\"{&quot;background_background&quot;:&quot;classic&quot;}\">\n\t\t\t\t\t<div class=\"e-con-inner\">\n\t\t\t\t<div class=\"elementor-element elementor-element-6f350d3 elementor-widget elementor-widget-restarimage\" data-id=\"6f350d3\" data-element_type=\"widget\" data-widget_type=\"restarimage.default\">\n\t\t\t\t<div class=\"elementor-widget-container\">\n\t\t\t\t\t<div class=\"img-box1\"><div class=\"shape1\"><img decoding=\"async\" src=\"https:\/\/leon.royaltandoori.eu\/wp-content\/uploads\/2024\/04\/royal-tandoori-logo.png\" alt=\"royal tandoori logo\" ><\/div><div class=\"shape2\"><img decoding=\"async\" src=\"https:\/\/leon.royaltandoori.eu\/wp-content\/uploads\/2024\/04\/royal-tandoori-logo.png\" alt=\"royal tandoori logo\" ><\/div><\/div>\t\t\t\t<\/div>\n\t\t\t\t<\/div>\n\t\t\t\t\t<\/div>\n\t\t\t\t<\/div>\n\t\t\t\t<\/div>","protected":false},"excerpt":{"rendered":"<p>OUR RESTAURANT SERVICES Our Commitment to Excellence Spice &amp; Savings Enjoy a special discount as you savor the authentic spices of our traditional Indian cuisine. Traditional Recipes Delight in classic Indian recipes, expertly prepared to bring you bold, vibrant flavors. Fresh Ingredients We source the freshest ingredients to create flavorful, high-quality dishes with every meal&#8230;.<\/p>","protected":false},"author":1,"featured_media":0,"parent":0,"menu_order":0,"comment_status":"closed","ping_status":"closed","template":"template-builder.php","meta":{"footnotes":""},"class_list":["post-52","page","type-page","status-publish","hentry"],"_links":{"self":[{"href":"https:\/\/leon.royaltandoori.eu\/es\/wp-json\/wp\/v2\/pages\/52","targetHints":{"allow":["GET"]}}],"collection":[{"href":"https:\/\/leon.royaltandoori.eu\/es\/wp-json\/wp\/v2\/pages"}],"about":[{"href":"https:\/\/leon.royaltandoori.eu\/es\/wp-json\/wp\/v2\/types\/page"}],"author":[{"embeddable":true,"href":"https:\/\/leon.royaltandoori.eu\/es\/wp-json\/wp\/v2\/users\/1"}],"replies":[{"embeddable":true,"href":"https:\/\/leon.royaltandoori.eu\/es\/wp-json\/wp\/v2\/comments?post=52"}],"version-history":[{"count":0,"href":"https:\/\/leon.royaltandoori.eu\/es\/wp-json\/wp\/v2\/pages\/52\/revisions"}],"wp:attachment":[{"href":"https:\/\/leon.royaltandoori.eu\/es\/wp-json\/wp\/v2\/media?parent=52"}],"curies":[{"name":"wp","href":"https:\/\/api.w.org\/{rel}","templated":true}]}}